{"id":47,"date":"2019-03-27T10:00:58","date_gmt":"2019-03-27T09:00:58","guid":{"rendered":"http:\/\/mebmar.com.pl\/?page_id=47"},"modified":"2024-05-23T03:59:59","modified_gmt":"2024-05-23T01:59:59","slug":"kontakt","status":"publish","type":"page","link":"https:\/\/www.mebmar.com.pl\/index.php\/kontakt\/","title":{"rendered":"Kontakt"},"content":{"rendered":"\n<h3 class=\"wp-block-heading\"><strong>Zak\u0142ad Produkcyjno Us\u0142ugowo Handlowy <br>MEBMAR<\/strong><\/h3>\n\n\n\n<p><strong>Wola Za\u0142\u0119\u017cna 165A<\/strong><br><strong>26-300 Opoczno<\/strong><\/p>\n\n\n\n<p>tel. 501 250 103<br>tel. 501 376 037<br>mail: mebmar@mebmar.com.pl<\/p>\n\n\n\n<p><strong>NIP: 7681597993<\/strong><\/p>\n\n\n\n<figure class=\"wp-block-image\"><img decoding=\"async\" src=\"https:\/\/www.mebmar.com.pl\/wp-content\/uploads\/2024\/04\/Mebmar-Logo-bez-tla-v1-1024x344.png\" alt=\"\"\/><\/figure>\n\n\n\n<div class=\"wp-block-group\"><div class=\"wp-block-group__inner-container is-layout-constrained wp-block-group-is-layout-constrained\"><\/div><\/div>\n\n\n\n<iframe src=\"https:\/\/www.google.com\/maps\/embed?pb=!1m18!1m12!1m3!1d2489.60432590517!2d20.309411176420287!3d51.391949771787324!2m3!1f0!2f0!3f0!3m2!1i1024!2i768!4f13.1!3m3!1m2!1s0x4719bc7c48dd5051%3A0xa01404e8f543080d!2zV29sYSBaYcWCxJnFvG5hIDE2NUEsIDI2LTMwMCBXb2xhIFphxYLEmcW8bmEsIFBvbHNrYQ!5e0!3m2!1spl!2sus!4v1716428115162!5m2!1spl!2sus\" width=\"600\" height=\"450\" style=\"border:0;\" allowfullscreen=\"\" loading=\"lazy\" referrerpolicy=\"no-referrer-when-downgrade\"><\/iframe>\n","protected":false},"excerpt":{"rendered":"<p>Zak\u0142ad Produkcyjno Us\u0142ugowo Handlowy MEBMAR Wola Za\u0142\u0119\u017cna 165A26-300 Opoczno tel. 501 250 103tel. 501 376 037mail: mebmar@mebmar.com.pl NIP: 7681597993<\/p>\n","protected":false},"author":1,"featured_media":0,"parent":0,"menu_order":0,"comment_status":"closed","ping_status":"closed","template":"elementor_theme","meta":{"footnotes":""},"class_list":["post-47","page","type-page","status-publish","hentry"],"_links":{"self":[{"href":"https:\/\/www.mebmar.com.pl\/index.php\/wp-json\/wp\/v2\/pages\/47","targetHints":{"allow":["GET"]}}],"collection":[{"href":"https:\/\/www.mebmar.com.pl\/index.php\/wp-json\/wp\/v2\/pages"}],"about":[{"href":"https:\/\/www.mebmar.com.pl\/index.php\/wp-json\/wp\/v2\/types\/page"}],"author":[{"embeddable":true,"href":"https:\/\/www.mebmar.com.pl\/index.php\/wp-json\/wp\/v2\/users\/1"}],"replies":[{"embeddable":true,"href":"https:\/\/www.mebmar.com.pl\/index.php\/wp-json\/wp\/v2\/comments?post=47"}],"version-history":[{"count":97,"href":"https:\/\/www.mebmar.com.pl\/index.php\/wp-json\/wp\/v2\/pages\/47\/revisions"}],"predecessor-version":[{"id":1389,"href":"https:\/\/www.mebmar.com.pl\/index.php\/wp-json\/wp\/v2\/pages\/47\/revisions\/1389"}],"wp:attachment":[{"href":"https:\/\/www.mebmar.com.pl\/index.php\/wp-json\/wp\/v2\/media?parent=47"}],"curies":[{"name":"wp","href":"https:\/\/api.w.org\/{rel}","templated":true}]}}